{"id":1377,"date":"2020-07-24T08:55:13","date_gmt":"2020-07-24T08:55:13","guid":{"rendered":"http:\/\/www.bbaehre.com\/?page_id=1377"},"modified":"2024-12-04T00:01:33","modified_gmt":"2024-12-04T00:01:33","slug":"news","status":"publish","type":"page","link":"http:\/\/www.bbaehre.com\/","title":{"rendered":"News"},"content":{"rendered":"\n<p><strong><img loading=\"lazy\" decoding=\"async\" class=\"aligncenter size-full wp-image-1414\" src=\"http:\/\/www.bbaehre.com\/wp-content\/uploads\/2024\/12\/20240612_Spine_Vortrag_BABO.png\" alt=\"Spine_Vortrag\" width=\"1280\" height=\"670\" srcset=\"http:\/\/www.bbaehre.com\/wp-content\/uploads\/2024\/12\/20240612_Spine_Vortrag_BABO.png 1280w, http:\/\/www.bbaehre.com\/wp-content\/uploads\/2024\/12\/20240612_Spine_Vortrag_BABO-300x157.png 300w, http:\/\/www.bbaehre.com\/wp-content\/uploads\/2024\/12\/20240612_Spine_Vortrag_BABO-1024x536.png 1024w, http:\/\/www.bbaehre.com\/wp-content\/uploads\/2024\/12\/20240612_Spine_Vortrag_BABO-768x402.png 768w\" sizes=\"auto, (max-width: 1280px) 100vw, 1280px\" \/><\/strong><\/p>\n<p>&nbsp;<\/p>\n<p><strong>&#8220;ZONDER ANALOOG IS ER GEEN DIGITAL&#8221;<\/strong><br><strong>BE#<\/strong>, 12<strong>\/<\/strong>2024<br><br>Wir freuen uns \u00fcber unsere strategische Partnerschaft mit unserem ehemaligen Gr\u00fcndungspartner <br><a id=\"ember1464\" class=\"ember-view\" href=\"https:\/\/www.linkedin.com\/in\/boris-baehre-4b560762\/\">Boris Baehre<\/a> \u2013 Architekt, Dozent, Forscher und Automator bei BE# und an der Hanzehogeschool Groningen \/ Hanze University of Applied Sciences in Groningen.<br><br>Seine Erfahrungen zum parametrischen Entwerfen im Rahmen seiner langj\u00e4hrigen Forschung und Hochschult\u00e4tigkeit in den Niederlanden wird uns zuk\u00fcnftig dabei unterst\u00fctzen, unsere Nachhaltigkeitsstrategie 2030 noch weiter zu optimieren, insbesondere auf Materialverbrauch und Energieeffizienz unserer Geb\u00e4ude.<br><br>Durch diese Zusammenarbeit streben wir die Entwicklung umweltfreundlicher und ressourcenschonender L\u00f6sungen f\u00fcr unsere Entwurfsans\u00e4tze an, die sowohl funktional als auch \u00e4sthetisch ansprechend und identit\u00e4tsstiftend sind.<br><br>Ab 2025 wollten wir uns somit noch st\u00e4rker der Transformation unserer gebauten Umgebung widmen!<br><br>Grafik: <a id=\"ember1465\" class=\"ember-view\" href=\"https:\/\/www.linkedin.com\/in\/boris-baehre-4b560762\/\">Boris Baehre<\/a>, Groningen\/NL<\/p>\n<p>&nbsp;<\/p>\n<p>&nbsp;<\/p>\n<p>&#8212;&#8211;<\/p>\n<p>&nbsp;<\/p>\n<p><img loading=\"lazy\" decoding=\"async\" class=\"aligncenter size-full wp-image-1424\" src=\"http:\/\/www.bbaehre.com\/wp-content\/uploads\/2024\/12\/Contelos.png\" alt=\"\" width=\"1280\" height=\"886\" srcset=\"http:\/\/www.bbaehre.com\/wp-content\/uploads\/2024\/12\/Contelos.png 1280w, http:\/\/www.bbaehre.com\/wp-content\/uploads\/2024\/12\/Contelos-300x208.png 300w, http:\/\/www.bbaehre.com\/wp-content\/uploads\/2024\/12\/Contelos-1024x709.png 1024w, http:\/\/www.bbaehre.com\/wp-content\/uploads\/2024\/12\/Contelos-768x532.png 768w\" sizes=\"auto, (max-width: 1280px) 100vw, 1280px\" \/><\/p>\n<p>&nbsp;<\/p>\n<p>&nbsp;<\/p>\n<p>&#8212;&#8211;<\/p>\n<p>&nbsp;<\/p>\n<p>&nbsp;<\/p>\n<p><img loading=\"lazy\" decoding=\"async\" class=\"aligncenter size-full wp-image-1364\" src=\"http:\/\/www.bbaehre.com\/wp-content\/uploads\/2014\/09\/Hafven_Ankuendigung_small.png\" alt=\"\" width=\"1212\" height=\"1064\" srcset=\"http:\/\/www.bbaehre.com\/wp-content\/uploads\/2014\/09\/Hafven_Ankuendigung_small.png 1212w, http:\/\/www.bbaehre.com\/wp-content\/uploads\/2014\/09\/Hafven_Ankuendigung_small-300x263.png 300w, http:\/\/www.bbaehre.com\/wp-content\/uploads\/2014\/09\/Hafven_Ankuendigung_small-768x674.png 768w, http:\/\/www.bbaehre.com\/wp-content\/uploads\/2014\/09\/Hafven_Ankuendigung_small-1024x899.png 1024w\" sizes=\"auto, (max-width: 1212px) 100vw, 1212px\" \/><\/p>\n<p>&nbsp;<\/p>\n<p>&#8212;&#8211;<\/p>\n<p>&nbsp;<\/p>\n<p>&nbsp;<\/p>\n<p><img loading=\"lazy\" decoding=\"async\" class=\"aligncenter size-full wp-image-1423\" src=\"http:\/\/www.bbaehre.com\/wp-content\/uploads\/2024\/12\/3_Rowdhouse.png\" alt=\"\" width=\"1949\" height=\"1949\" srcset=\"http:\/\/www.bbaehre.com\/wp-content\/uploads\/2024\/12\/3_Rowdhouse.png 1949w, http:\/\/www.bbaehre.com\/wp-content\/uploads\/2024\/12\/3_Rowdhouse-300x300.png 300w, http:\/\/www.bbaehre.com\/wp-content\/uploads\/2024\/12\/3_Rowdhouse-1024x1024.png 1024w, http:\/\/www.bbaehre.com\/wp-content\/uploads\/2024\/12\/3_Rowdhouse-150x150.png 150w, http:\/\/www.bbaehre.com\/wp-content\/uploads\/2024\/12\/3_Rowdhouse-768x768.png 768w, http:\/\/www.bbaehre.com\/wp-content\/uploads\/2024\/12\/3_Rowdhouse-1536x1536.png 1536w\" sizes=\"auto, (max-width: 1949px) 100vw, 1949px\" \/><\/p>\n<p>&nbsp;<\/p>\n<p>&nbsp;<\/p>\n<p>&#8212;&#8211;<\/p>\n<p>&nbsp;<\/p>\n<p>&nbsp;<\/p>\n<p><img loading=\"lazy\" decoding=\"async\" class=\"size-full wp-image-1420 aligncenter\" src=\"http:\/\/www.bbaehre.com\/wp-content\/uploads\/2024\/12\/AEDES_NL_AIA-BIM.png\" alt=\"\" width=\"488\" height=\"1280\" srcset=\"http:\/\/www.bbaehre.com\/wp-content\/uploads\/2024\/12\/AEDES_NL_AIA-BIM.png 488w, http:\/\/www.bbaehre.com\/wp-content\/uploads\/2024\/12\/AEDES_NL_AIA-BIM-114x300.png 114w, http:\/\/www.bbaehre.com\/wp-content\/uploads\/2024\/12\/AEDES_NL_AIA-BIM-390x1024.png 390w\" sizes=\"auto, (max-width: 488px) 100vw, 488px\" \/><\/p>\n<p>&nbsp;<\/p>\n<p>&nbsp;<\/p>\n<p>&#8212;&#8211;<\/p>\n<p>&nbsp;<\/p>\n<p>&nbsp;<\/p>\n<p><img loading=\"lazy\" decoding=\"async\" class=\"aligncenter size-full wp-image-1417\" src=\"http:\/\/www.bbaehre.com\/wp-content\/uploads\/2024\/12\/2_Rezept.png\" alt=\"\" width=\"905\" height=\"1280\" srcset=\"http:\/\/www.bbaehre.com\/wp-content\/uploads\/2024\/12\/2_Rezept.png 905w, http:\/\/www.bbaehre.com\/wp-content\/uploads\/2024\/12\/2_Rezept-212x300.png 212w, http:\/\/www.bbaehre.com\/wp-content\/uploads\/2024\/12\/2_Rezept-724x1024.png 724w, http:\/\/www.bbaehre.com\/wp-content\/uploads\/2024\/12\/2_Rezept-768x1086.png 768w\" sizes=\"auto, (max-width: 905px) 100vw, 905px\" \/><\/p>\n<p>&nbsp;<\/p>\n<p>&nbsp;<\/p>\n<p>&#8212;&#8211;<\/p>\n<p>&nbsp;<\/p>\n<p>&nbsp;<\/p>\n<p><img loading=\"lazy\" decoding=\"async\" class=\"aligncenter size-full wp-image-1338\" src=\"http:\/\/www.bbaehre.com\/wp-content\/uploads\/2014\/09\/BIM_A3-Plakat.jpg\" alt=\"\" width=\"902\" height=\"1280\" srcset=\"http:\/\/www.bbaehre.com\/wp-content\/uploads\/2014\/09\/BIM_A3-Plakat.jpg 902w, http:\/\/www.bbaehre.com\/wp-content\/uploads\/2014\/09\/BIM_A3-Plakat-211x300.jpg 211w, http:\/\/www.bbaehre.com\/wp-content\/uploads\/2014\/09\/BIM_A3-Plakat-768x1090.jpg 768w, http:\/\/www.bbaehre.com\/wp-content\/uploads\/2014\/09\/BIM_A3-Plakat-722x1024.jpg 722w\" sizes=\"auto, (max-width: 902px) 100vw, 902px\" \/><\/p>\n<p>&nbsp;<\/p>\n<p>&nbsp;<\/p>\n<p>&nbsp;<\/p>\n<p>&nbsp;<\/p>\n\n\n\n<p>&nbsp;<\/p>\n<p>&nbsp;<\/p>\n\n\n\n<p>&nbsp;<\/p>\n<p>&nbsp;<\/p>\n<p>&nbsp;<\/p>\n\n\n\n<p>&nbsp;<\/p>\n<p>&nbsp;<\/p>\n<p>&nbsp;<\/p>\n\n\n\n\n\n\n\n\n","protected":false},"excerpt":{"rendered":"<p>&nbsp; &#8220;ZONDER ANALOOG IS ER GEEN DIGITAL&#8221;BE#, 12\/2024 Wir freuen uns \u00fcber unsere strategische Partnerschaft mit unserem ehemaligen Gr\u00fcndungspartner Boris Baehre \u2013 Architekt, Dozent, Forscher und Automator bei BE# und an der Hanzehogeschool Groningen \/ Hanze University of Applied Sciences in Groningen. Seine Erfahrungen zum parametrischen Entwerfen im Rahmen seiner langj\u00e4hrigen Forschung und Hochschult\u00e4tigkeit in [&hellip;]<\/p>\n","protected":false},"author":1,"featured_media":0,"parent":0,"menu_order":0,"comment_status":"closed","ping_status":"closed","template":"","meta":{"ngg_post_thumbnail":0,"footnotes":""},"class_list":["post-1377","page","type-page","status-publish","hentry"],"_links":{"self":[{"href":"http:\/\/www.bbaehre.com\/index.php?rest_route=\/wp\/v2\/pages\/1377","targetHints":{"allow":["GET"]}}],"collection":[{"href":"http:\/\/www.bbaehre.com\/index.php?rest_route=\/wp\/v2\/pages"}],"about":[{"href":"http:\/\/www.bbaehre.com\/index.php?rest_route=\/wp\/v2\/types\/page"}],"author":[{"embeddable":true,"href":"http:\/\/www.bbaehre.com\/index.php?rest_route=\/wp\/v2\/users\/1"}],"replies":[{"embeddable":true,"href":"http:\/\/www.bbaehre.com\/index.php?rest_route=%2Fwp%2Fv2%2Fcomments&post=1377"}],"version-history":[{"count":9,"href":"http:\/\/www.bbaehre.com\/index.php?rest_route=\/wp\/v2\/pages\/1377\/revisions"}],"predecessor-version":[{"id":1431,"href":"http:\/\/www.bbaehre.com\/index.php?rest_route=\/wp\/v2\/pages\/1377\/revisions\/1431"}],"wp:attachment":[{"href":"http:\/\/www.bbaehre.com\/index.php?rest_route=%2Fwp%2Fv2%2Fmedia&parent=1377"}],"curies":[{"name":"wp","href":"https:\/\/api.w.org\/{rel}","templated":true}]}}